{"id":624,"date":"2020-05-30T14:32:49","date_gmt":"2020-05-30T20:32:49","guid":{"rendered":"https:\/\/sheree.net\/?page_id=624"},"modified":"2020-06-17T20:00:00","modified_gmt":"2020-06-18T02:00:00","slug":"sirviendo-con-gozo","status":"publish","type":"page","link":"https:\/\/sheree.net\/?page_id=624","title":{"rendered":"Sirviendo con Gozo"},"content":{"rendered":"\n<figure class=\"wp-block-image size-large is-resized\"><img loading=\"lazy\" decoding=\"async\" data-attachment-id=\"264\" data-permalink=\"https:\/\/sheree.net\/?attachment_id=264\" data-orig-file=\"https:\/\/i0.wp.com\/sheree.net\/wp-content\/uploads\/2019\/12\/swjspan.jpg?fit=130%2C130&amp;ssl=1\" data-orig-size=\"130,130\" data-comments-opened=\"1\" data-image-meta=\"{&quot;aperture&quot;:&quot;0&quot;,&quot;credit&quot;:&quot;&quot;,&quot;camera&quot;:&quot;&quot;,&quot;caption&quot;:&quot;&quot;,&quot;created_timestamp&quot;:&quot;0&quot;,&quot;copyright&quot;:&quot;&quot;,&quot;focal_length&quot;:&quot;0&quot;,&quot;iso&quot;:&quot;0&quot;,&quot;shutter_speed&quot;:&quot;0&quot;,&quot;title&quot;:&quot;&quot;,&quot;orientation&quot;:&quot;0&quot;}\" data-image-title=\"swjspan\" data-image-description=\"\" data-image-caption=\"\" data-medium-file=\"https:\/\/i0.wp.com\/sheree.net\/wp-content\/uploads\/2019\/12\/swjspan.jpg?fit=130%2C130&amp;ssl=1\" data-large-file=\"https:\/\/i0.wp.com\/sheree.net\/wp-content\/uploads\/2019\/12\/swjspan.jpg?fit=130%2C130&amp;ssl=1\" src=\"https:\/\/i0.wp.com\/sheree.net\/wp-content\/uploads\/2019\/12\/swjspan.jpg?resize=257%2C257&#038;ssl=1\" alt=\"\" class=\"wp-image-264\" width=\"257\" height=\"257\" srcset=\"https:\/\/i0.wp.com\/sheree.net\/wp-content\/uploads\/2019\/12\/swjspan.jpg?w=130&amp;ssl=1 130w, https:\/\/i0.wp.com\/sheree.net\/wp-content\/uploads\/2019\/12\/swjspan.jpg?resize=48%2C48&amp;ssl=1 48w\" sizes=\"(max-width: 257px) 100vw, 257px\" data-recalc-dims=\"1\" \/><\/figure>\n\n\n\n<h2 class=\"audioalbum\">Sirviendo con Gozo<\/h2><p class=\"audioalbum\">Sher\u00e9e<span><\/span><\/p>\n<div class=\"track\"><span class=\"songtitle\">GRANDE ERES T\u00da (How Great Thou Art)<\/span><span class=\"audiobutton\"><\/span><div class=\"albumtrack\" style=\"visibility:hidden;\"><!--[if lt IE 9]><script>document.createElement('audio');<\/script><![endif]-->\n<audio class=\"wp-audio-shortcode\" id=\"audio-624-1\" preload=\"metadata\" style=\"width: 100%;\" controls=\"controls\"><source type=\"audio\/mpeg\" src=\"https:\/\/sheree.net\/wp-content\/uploads\/2020\/05\/01grandeerestu.mp3?_=1\" \/><a href=\"https:\/\/sheree.net\/wp-content\/uploads\/2020\/05\/01grandeerestu.mp3\">https:\/\/sheree.net\/wp-content\/uploads\/2020\/05\/01grandeerestu.mp3<\/a><\/audio><\/div><\/div>\n<div class=\"track\"><span class=\"songtitle\">RECON\u00d3CELO EN M\u00cd (Whisper The Spirit)<\/span><span class=\"audiobutton\"><\/span><div class=\"albumtrack\" style=\"visibility:hidden;\"><audio class=\"wp-audio-shortcode\" id=\"audio-624-2\" preload=\"metadata\" style=\"width: 100%;\" controls=\"controls\"><source type=\"audio\/mpeg\" src=\"https:\/\/sheree.net\/wp-content\/uploads\/2020\/05\/02reconoceloenmi.mp3?_=2\" \/><a href=\"https:\/\/sheree.net\/wp-content\/uploads\/2020\/05\/02reconoceloenmi.mp3\">https:\/\/sheree.net\/wp-content\/uploads\/2020\/05\/02reconoceloenmi.mp3<\/a><\/audio><\/div><\/div>\n<div class=\"track\"><span class=\"songtitle\">EN LA PALMA DE TU MANO (In The Hollow Of Thy Hand)<\/span><span class=\"audiobutton\"><\/span><div class=\"albumtrack\" style=\"visibility:hidden;\"><audio class=\"wp-audio-shortcode\" id=\"audio-624-3\" preload=\"metadata\" style=\"width: 100%;\" controls=\"controls\"><source type=\"audio\/mpeg\" src=\"https:\/\/sheree.net\/wp-content\/uploads\/2020\/05\/03enlapalmadetumanu.mp3?_=3\" \/><a href=\"https:\/\/sheree.net\/wp-content\/uploads\/2020\/05\/03enlapalmadetumanu.mp3\">https:\/\/sheree.net\/wp-content\/uploads\/2020\/05\/03enlapalmadetumanu.mp3<\/a><\/audio><\/div><\/div>\n<div class=\"track\"><span class=\"songtitle\">EL AMOR SE VIVE AQU\u00cd (Love is Spoken Here)<\/span><span class=\"audiobutton\"><\/span><div class=\"albumtrack\" style=\"visibility:hidden;\"><audio class=\"wp-audio-shortcode\" id=\"audio-624-4\" preload=\"metadata\" style=\"width: 100%;\" controls=\"controls\"><source type=\"audio\/mpeg\" src=\"https:\/\/sheree.net\/wp-content\/uploads\/2020\/05\/04elamorseviveaqui.mp3?_=4\" \/><a href=\"https:\/\/sheree.net\/wp-content\/uploads\/2020\/05\/04elamorseviveaqui.mp3\">https:\/\/sheree.net\/wp-content\/uploads\/2020\/05\/04elamorseviveaqui.mp3<\/a><\/audio><\/div><\/div>\n<div class=\"track\"><span class=\"songtitle\">SIGO A CRISTO (I&#039;ll Follow Jesus)<\/span><span class=\"audiobutton\"><\/span><div class=\"albumtrack\" style=\"visibility:hidden;\"><audio class=\"wp-audio-shortcode\" id=\"audio-624-5\" preload=\"metadata\" style=\"width: 100%;\" controls=\"controls\"><source type=\"audio\/mpeg\" src=\"https:\/\/sheree.net\/wp-content\/uploads\/2020\/05\/05sigoacristo.mp3?_=5\" \/><a href=\"https:\/\/sheree.net\/wp-content\/uploads\/2020\/05\/05sigoacristo.mp3\">https:\/\/sheree.net\/wp-content\/uploads\/2020\/05\/05sigoacristo.mp3<\/a><\/audio><\/div><\/div>\n<div class=\"track\"><span class=\"songtitle\">ORACI\u00d3N BAUTISMAL (Baptismal Prayer)<\/span><span class=\"audiobutton\"><\/span><div class=\"albumtrack\" style=\"visibility:hidden;\"><audio class=\"wp-audio-shortcode\" id=\"audio-624-6\" preload=\"metadata\" style=\"width: 100%;\" controls=\"controls\"><source type=\"audio\/mpeg\" src=\"https:\/\/sheree.net\/wp-content\/uploads\/2020\/05\/06oracionbautismal.mp3?_=6\" \/><a href=\"https:\/\/sheree.net\/wp-content\/uploads\/2020\/05\/06oracionbautismal.mp3\">https:\/\/sheree.net\/wp-content\/uploads\/2020\/05\/06oracionbautismal.mp3<\/a><\/audio><\/div><\/div>\n<div class=\"track\"><span class=\"songtitle\">LA UNIDAD FAMILIAR PUEDE SER ETERNA (Families Can Be Together Forever)<\/span><span class=\"audiobutton\"><\/span><div class=\"albumtrack\" style=\"visibility:hidden;\"><audio class=\"wp-audio-shortcode\" id=\"audio-624-7\" preload=\"metadata\" style=\"width: 100%;\" controls=\"controls\"><source type=\"audio\/mpeg\" src=\"https:\/\/sheree.net\/wp-content\/uploads\/2020\/05\/07launidadfamiliar.mp3?_=7\" \/><a href=\"https:\/\/sheree.net\/wp-content\/uploads\/2020\/05\/07launidadfamiliar.mp3\">https:\/\/sheree.net\/wp-content\/uploads\/2020\/05\/07launidadfamiliar.mp3<\/a><\/audio><\/div><\/div>\n<div class=\"track\"><span class=\"songtitle\">LO O\u00cd VENIR (I Heard Him Come)<\/span><span class=\"audiobutton\"><\/span><div class=\"albumtrack\" style=\"visibility:hidden;\"><audio class=\"wp-audio-shortcode\" id=\"audio-624-8\" preload=\"metadata\" style=\"width: 100%;\" controls=\"controls\"><source type=\"audio\/mpeg\" src=\"https:\/\/sheree.net\/wp-content\/uploads\/2020\/05\/08looivenir.mp3?_=8\" \/><a href=\"https:\/\/sheree.net\/wp-content\/uploads\/2020\/05\/08looivenir.mp3\">https:\/\/sheree.net\/wp-content\/uploads\/2020\/05\/08looivenir.mp3<\/a><\/audio><\/div><\/div>\n<div class=\"track\"><span class=\"songtitle\">HASTA VER, SED FIEL (Hold On)<\/span><span class=\"audiobutton\"><\/span><div class=\"albumtrack\" style=\"visibility:hidden;\"><audio class=\"wp-audio-shortcode\" id=\"audio-624-9\" preload=\"metadata\" style=\"width: 100%;\" controls=\"controls\"><source type=\"audio\/mpeg\" src=\"https:\/\/sheree.net\/wp-content\/uploads\/2020\/05\/09hastaversedfiel.mp3?_=9\" \/><a href=\"https:\/\/sheree.net\/wp-content\/uploads\/2020\/05\/09hastaversedfiel.mp3\">https:\/\/sheree.net\/wp-content\/uploads\/2020\/05\/09hastaversedfiel.mp3<\/a><\/audio><\/div><\/div>\n<div class=\"track\"><span class=\"songtitle\">AMAD A OTROS (Love One Another)<\/span><span class=\"audiobutton\"><\/span><div class=\"albumtrack\" style=\"visibility:hidden;\"><audio class=\"wp-audio-shortcode\" id=\"audio-624-10\" preload=\"metadata\" style=\"width: 100%;\" controls=\"controls\"><source type=\"audio\/mpeg\" src=\"https:\/\/sheree.net\/wp-content\/uploads\/2020\/05\/10amadaotros.mp3?_=10\" \/><a href=\"https:\/\/sheree.net\/wp-content\/uploads\/2020\/05\/10amadaotros.mp3\">https:\/\/sheree.net\/wp-content\/uploads\/2020\/05\/10amadaotros.mp3<\/a><\/audio><\/div><\/div>\n<div class=\"track\"><span class=\"songtitle\">\u00bfA QUI\u00c9N SERV\u00cdR\u00c9? (When Someone Cares)<\/span><span class=\"audiobutton\"><\/span><div class=\"albumtrack\" style=\"visibility:hidden;\"><audio class=\"wp-audio-shortcode\" id=\"audio-624-11\" preload=\"metadata\" style=\"width: 100%;\" controls=\"controls\"><source type=\"audio\/mpeg\" src=\"https:\/\/sheree.net\/wp-content\/uploads\/2020\/05\/11aqyuebservure.mp3?_=11\" \/><a href=\"https:\/\/sheree.net\/wp-content\/uploads\/2020\/05\/11aqyuebservure.mp3\">https:\/\/sheree.net\/wp-content\/uploads\/2020\/05\/11aqyuebservure.mp3<\/a><\/audio><\/div><\/div>\n<div class=\"track\"><span class=\"songtitle\">ASOMBRO ME DA (I Stand All Amazed)<\/span><span class=\"audiobutton\"><\/span><div class=\"albumtrack\" style=\"visibility:hidden;\"><audio class=\"wp-audio-shortcode\" id=\"audio-624-12\" preload=\"metadata\" style=\"width: 100%;\" controls=\"controls\"><source type=\"audio\/mpeg\" src=\"https:\/\/sheree.net\/wp-content\/uploads\/2020\/05\/12asombromeda.mp3?_=12\" \/><a href=\"https:\/\/sheree.net\/wp-content\/uploads\/2020\/05\/12asombromeda.mp3\">https:\/\/sheree.net\/wp-content\/uploads\/2020\/05\/12asombromeda.mp3<\/a><\/audio><\/div><\/div>\n\n\n\n\t\t<div class=\"edd_downloads_list edd_download_columns_3 \">\n\n\t\t\t\n\t\t\t\t\t\t\t\n<div class=\"edd_download\" id=\"edd_download_618\">\n\n\t<div class=\"edd_download_inner\">\n\n\t\t<h3 class=\"edd_download_title\"><a href=\"https:\/\/sheree.net\/?download=sirviendo-con-gozo\">Sirviendo con Gozo<\/a><\/h3>\n\n<div class=\"edd_download_excerpt\">\n\t<p>To get a copy of the mp3&#8217;s, click on the purchase button.<\/p>\n<\/div>\n<div class=\"edd_download_buy_button\">\n\t\t<form id=\"edd_purchase_618\" class=\"edd_download_purchase_form edd_purchase_618\" method=\"post\">\n\n\t\t\n\t\t<div class=\"edd_purchase_submit_wrapper\">\n\t\t\t<button class=\"edd-add-to-cart button blue edd-submit\" data-nonce=\"3d84c8d27f\" data-timestamp=\"1777505211\" data-token=\"9f97735d6ee373501317470615c9da2db5d79ff182840e717982bdd130a03667\" data-action=\"edd_add_to_cart\" data-download-id=\"618\" data-variable-price=\"no\" data-price-mode=single data-price=\"10.00\" ><span class=\"edd-add-to-cart-label\">&#36;10.00&nbsp;&ndash;&nbsp;Purchase<\/span> <span class=\"edd-loading\" aria-label=\"Loading\"><\/span><\/button><input type=\"submit\" class=\"edd-add-to-cart edd-no-js button blue edd-submit\" name=\"edd_purchase_download\" value=\"&#036;10.00&nbsp;&ndash;&nbsp;Purchase\" data-action=\"edd_add_to_cart\" data-download-id=\"618\" data-variable-price=\"no\" data-price-mode=single \/><a href=\"https:\/\/sheree.net\/?page_id=481\" class=\"edd_go_to_checkout button blue edd-submit\" style=\"display:none;\">Checkout<\/a>\n\t\t\t\t\t\t\t<span class=\"edd-cart-ajax-alert\" aria-live=\"assertive\">\n\t\t\t\t\t<span class=\"edd-cart-added-alert\" style=\"display: none;\">\n\t\t\t\t\t\t<svg class=\"edd-icon edd-icon-check\" xmlns=\"http:\/\/www.w3.org\/2000\/svg\" width=\"28\" height=\"28\" viewBox=\"0 0 28 28\" aria-hidden=\"true\">\n\t\t\t\t\t\t\t<path d=\"M26.11 8.844c0 .39-.157.78-.44 1.062L12.234 23.344c-.28.28-.672.438-1.062.438s-.78-.156-1.06-.438l-7.782-7.78c-.28-.282-.438-.673-.438-1.063s.156-.78.438-1.06l2.125-2.126c.28-.28.672-.438 1.062-.438s.78.156 1.062.438l4.594 4.61L21.42 5.656c.282-.28.673-.438 1.063-.438s.78.155 1.062.437l2.125 2.125c.28.28.438.672.438 1.062z\"\/>\n\t\t\t\t\t\t<\/svg>\n\t\t\t\t\t\tAdded to cart\t\t\t\t\t<\/span>\n\t\t\t\t<\/span>\n\t\t\t\t\t\t\t\t\t\t\t\t\t\t\t<\/div><!--end .edd_purchase_submit_wrapper-->\n\n\t\t<input type=\"hidden\" name=\"download_id\" value=\"618\">\n\t\t\t\t\t\t\t<input type=\"hidden\" name=\"edd_action\" class=\"edd_action_input\" value=\"add_to_cart\">\n\t\t\n\t\t\n\t\t\n\t<\/form><!--end #edd_purchase_618-->\n<\/div>\n\n\t<\/div>\n\n<\/div>\n\t\t\t\n\t\t\t\n\t\t\t\n\t\t<\/div>\n\n\t\t\n","protected":false},"excerpt":{"rendered":"","protected":false},"author":1,"featured_media":264,"parent":20,"menu_order":0,"comment_status":"closed","ping_status":"closed","template":"full-width.php","meta":{"jetpack_post_was_ever_published":false,"footnotes":""},"jetpack_sharing_enabled":true,"jetpack_shortlink":"https:\/\/wp.me\/P9JFPm-a4","jetpack_likes_enabled":true,"jetpack-related-posts":[{"id":20,"url":"https:\/\/sheree.net\/?page_id=20","url_meta":{"origin":624,"position":0},"title":"Listen","author":"shereenet","date":"March 10, 2018","format":false,"excerpt":"Albums What Matters Most\u00a0 Sirivendo Con Gozo\u00a0 The Spirit in All Things\u00a0 Seems Like Yesterday\u00a0 Singles","rel":"","context":"Similar post","block_context":{"text":"Similar post","link":""},"img":{"alt_text":"","src":"https:\/\/i0.wp.com\/sheree.net\/wp-content\/uploads\/2018\/03\/bg.jpg?fit=587%2C359&ssl=1&resize=350%2C200","width":350,"height":200,"srcset":"https:\/\/i0.wp.com\/sheree.net\/wp-content\/uploads\/2018\/03\/bg.jpg?fit=587%2C359&ssl=1&resize=350%2C200 1x, https:\/\/i0.wp.com\/sheree.net\/wp-content\/uploads\/2018\/03\/bg.jpg?fit=587%2C359&ssl=1&resize=525%2C300 1.5x"},"classes":[]},{"id":735,"url":"https:\/\/sheree.net\/?page_id=735","url_meta":{"origin":624,"position":1},"title":"What Matters Most","author":"shereenet","date":"June 17, 2020","format":false,"excerpt":"","rel":"","context":"Similar post","block_context":{"text":"Similar post","link":""},"img":{"alt_text":"","src":"https:\/\/i0.wp.com\/sheree.net\/wp-content\/uploads\/2019\/12\/wmm_high.jpg?fit=600%2C630&ssl=1&resize=350%2C200","width":350,"height":200,"srcset":"https:\/\/i0.wp.com\/sheree.net\/wp-content\/uploads\/2019\/12\/wmm_high.jpg?fit=600%2C630&ssl=1&resize=350%2C200 1x, https:\/\/i0.wp.com\/sheree.net\/wp-content\/uploads\/2019\/12\/wmm_high.jpg?fit=600%2C630&ssl=1&resize=525%2C300 1.5x"},"classes":[]},{"id":465,"url":"https:\/\/sheree.net\/?page_id=465","url_meta":{"origin":624,"position":2},"title":"The Spirit in All Things","author":"shereenet","date":"May 19, 2020","format":false,"excerpt":"\ufeff","rel":"","context":"Similar post","block_context":{"text":"Similar post","link":""},"img":{"alt_text":"","src":"https:\/\/i0.wp.com\/sheree.net\/wp-content\/uploads\/2019\/12\/studio-1.jpg?fit=358%2C360&ssl=1&resize=350%2C200","width":350,"height":200},"classes":[]},{"id":768,"url":"https:\/\/sheree.net\/?page_id=768","url_meta":{"origin":624,"position":3},"title":"Seems Like Yesterday","author":"shereenet","date":"June 17, 2020","format":false,"excerpt":"","rel":"","context":"Similar post","block_context":{"text":"Similar post","link":""},"img":{"alt_text":"","src":"https:\/\/i0.wp.com\/sheree.net\/wp-content\/uploads\/2020\/02\/SeemsLikeYesterday.jpg?fit=498%2C794&ssl=1&resize=350%2C200","width":350,"height":200},"classes":[]},{"id":452,"url":"https:\/\/sheree.net\/?page_id=452","url_meta":{"origin":624,"position":4},"title":"My Mother&#8217;s Hands","author":"shereenet","date":"May 10, 2020","format":false,"excerpt":"","rel":"","context":"Similar post","block_context":{"text":"Similar post","link":""},"img":{"alt_text":"","src":"","width":0,"height":0},"classes":[]},{"id":93,"url":"https:\/\/sheree.net\/?page_id=93","url_meta":{"origin":624,"position":5},"title":"Student access","author":"Sheree Hastings","date":"March 17, 2018","format":false,"excerpt":"Member Access content","rel":"","context":"Similar post","block_context":{"text":"Similar post","link":""},"img":{"alt_text":"","src":"","width":0,"height":0},"classes":[]}],"_links":{"self":[{"href":"https:\/\/sheree.net\/index.php?rest_route=\/wp\/v2\/pages\/624"}],"collection":[{"href":"https:\/\/sheree.net\/index.php?rest_route=\/wp\/v2\/pages"}],"about":[{"href":"https:\/\/sheree.net\/index.php?rest_route=\/wp\/v2\/types\/page"}],"author":[{"embeddable":true,"href":"https:\/\/sheree.net\/index.php?rest_route=\/wp\/v2\/users\/1"}],"replies":[{"embeddable":true,"href":"https:\/\/sheree.net\/index.php?rest_route=%2Fwp%2Fv2%2Fcomments&post=624"}],"version-history":[{"count":20,"href":"https:\/\/sheree.net\/index.php?rest_route=\/wp\/v2\/pages\/624\/revisions"}],"predecessor-version":[{"id":821,"href":"https:\/\/sheree.net\/index.php?rest_route=\/wp\/v2\/pages\/624\/revisions\/821"}],"up":[{"embeddable":true,"href":"https:\/\/sheree.net\/index.php?rest_route=\/wp\/v2\/pages\/20"}],"wp:featuredmedia":[{"embeddable":true,"href":"https:\/\/sheree.net\/index.php?rest_route=\/wp\/v2\/media\/264"}],"wp:attachment":[{"href":"https:\/\/sheree.net\/index.php?rest_route=%2Fwp%2Fv2%2Fmedia&parent=624"}],"curies":[{"name":"wp","href":"https:\/\/api.w.org\/{rel}","templated":true}]}}